{"id":2773,"date":"2021-03-18T12:33:34","date_gmt":"2021-03-18T12:33:34","guid":{"rendered":"http:\/\/transfersvipmalaga.com\/budget\/"},"modified":"2025-05-06T10:22:21","modified_gmt":"2025-05-06T08:22:21","slug":"presupuesto","status":"publish","type":"page","link":"https:\/\/transfersvipmalaga.com\/es\/presupuesto\/","title":{"rendered":"Presupuesto"},"content":{"rendered":"\t\t<div data-elementor-type=\"wp-page\" data-elementor-id=\"2773\" class=\"elementor elementor-2773 elementor-764\">\n\t\t\t\t\t\t<div class=\"elementor-inner\">\n\t\t\t\t<div class=\"elementor-section-wrap\">\n\t\t\t\t\t\t\t\t\t<section class=\"elementor-section elementor-top-section elementor-element elementor-element-19f05be elementor-section-boxed elementor-section-height-default elementor-section-height-default\" data-id=\"19f05be\" data-element_type=\"section\" data-settings=\"{&quot;jet_parallax_layout_list&quot;:[{&quot;jet_parallax_layout_image&quot;:{&quot;url&quot;:&quot;&quot;,&quot;id&quot;:&quot;&quot;,&quot;size&quot;:&quot;&quot;},&quot;_id&quot;:&quot;e26d263&quot;,&quot;jet_parallax_layout_image_tablet&quot;:{&quot;url&quot;:&quot;&quot;,&quot;id&quot;:&quot;&quot;,&quot;size&quot;:&quot;&quot;},&quot;jet_parallax_layout_image_mobile&quot;:{&quot;url&quot;:&quot;&quot;,&quot;id&quot;:&quot;&quot;,&quot;size&quot;:&quot;&quot;},&quot;jet_parallax_layout_speed&quot;:{&quot;unit&quot;:&quot;%&quot;,&quot;size&quot;:50,&quot;sizes&quot;:[]},&quot;jet_parallax_layout_type&quot;:&quot;scroll&quot;,&quot;jet_parallax_layout_direction&quot;:null,&quot;jet_parallax_layout_fx_direction&quot;:null,&quot;jet_parallax_layout_z_index&quot;:&quot;&quot;,&quot;jet_parallax_layout_bg_x&quot;:50,&quot;jet_parallax_layout_bg_x_tablet&quot;:&quot;&quot;,&quot;jet_parallax_layout_bg_x_mobile&quot;:&quot;&quot;,&quot;jet_parallax_layout_bg_y&quot;:50,&quot;jet_parallax_layout_bg_y_tablet&quot;:&quot;&quot;,&quot;jet_parallax_layout_bg_y_mobile&quot;:&quot;&quot;,&quot;jet_parallax_layout_bg_size&quot;:&quot;auto&quot;,&quot;jet_parallax_layout_bg_size_tablet&quot;:&quot;&quot;,&quot;jet_parallax_layout_bg_size_mobile&quot;:&quot;&quot;,&quot;jet_parallax_layout_animation_prop&quot;:&quot;transform&quot;,&quot;jet_parallax_layout_on&quot;:[&quot;desktop&quot;,&quot;tablet&quot;]}],&quot;background_background&quot;:&quot;classic&quot;}\">\n\t\t\t\t\t\t\t<div class=\"elementor-background-overlay\"><\/div>\n\t\t\t\t\t\t\t<div class=\"elementor-container elementor-column-gap-default\">\n\t\t\t\t\t\t\t<div class=\"elementor-row\">\n\t\t\t\t\t<div class=\"elementor-column elementor-col-100 elementor-top-column elementor-element elementor-element-201d33c\" data-id=\"201d33c\" data-element_type=\"column\" data-settings=\"{&quot;background_background&quot;:&quot;classic&quot;}\">\n\t\t\t<div class=\"elementor-column-wrap elementor-element-populated\">\n\t\t\t\t\t\t\t<div class=\"elementor-widget-wrap\">\n\t\t\t\t\t\t<div class=\"elementor-element elementor-element-1f8058b elementor-widget elementor-widget-heading\" data-id=\"1f8058b\" data-element_type=\"widget\" data-widget_type=\"heading.default\">\n\t\t\t\t<div class=\"elementor-widget-container\">\n\t\t\t<h1 class=\"elementor-heading-title elementor-size-default\">Presupuesto<\/h1>\t\t<\/div>\n\t\t\t\t<\/div>\n\t\t\t\t<div class=\"elementor-element elementor-element-0f9e7ee elementor-widget elementor-widget-contact-form-7\" data-id=\"0f9e7ee\" data-element_type=\"widget\" data-widget_type=\"contact-form-7.default\">\n\t\t\t\t<div class=\"elementor-widget-container\">\n\t\t\t<div class=\"elementor-contact-form-7 jet-elements\">\n<div class=\"wpcf7 no-js\" id=\"wpcf7-f2832-o1\" lang=\"es-ES\" dir=\"ltr\">\n<div class=\"screen-reader-response\"><p role=\"status\" aria-live=\"polite\" aria-atomic=\"true\"><\/p> <ul><\/ul><\/div>\n<form action=\"\/es\/wp-json\/wp\/v2\/pages\/2773#wpcf7-f2832-o1\" method=\"post\" class=\"wpcf7-form init\" aria-label=\"Formulario de contacto\" novalidate=\"novalidate\" data-status=\"init\">\n<div style=\"display: none;\">\n<input type=\"hidden\" name=\"_wpcf7\" value=\"2832\" \/>\n<input type=\"hidden\" name=\"_wpcf7_version\" value=\"5.8.2\" \/>\n<input type=\"hidden\" name=\"_wpcf7_locale\" value=\"es_ES\" \/>\n<input type=\"hidden\" name=\"_wpcf7_unit_tag\" value=\"wpcf7-f2832-o1\" \/>\n<input type=\"hidden\" name=\"_wpcf7_container_post\" value=\"0\" \/>\n<input type=\"hidden\" name=\"_wpcf7_posted_data_hash\" value=\"\" \/>\n<input type=\"hidden\" name=\"_wpcf7_recaptcha_response\" value=\"\" \/>\n<\/div>\n<p><span class=\"wpcf7-form-control-wrap\" data-name=\"nombre\"><input size=\"40\" class=\"wpcf7-form-control wpcf7-text wpcf7-validates-as-required\" aria-required=\"true\" aria-invalid=\"false\" placeholder=\"Nombre\" value=\"\" type=\"text\" name=\"nombre\" \/><\/span><br \/>\n<span class=\"wpcf7-form-control-wrap\" data-name=\"email\"><input size=\"40\" class=\"wpcf7-form-control wpcf7-email wpcf7-validates-as-required wpcf7-text wpcf7-validates-as-email\" aria-required=\"true\" aria-invalid=\"false\" placeholder=\"Email\" value=\"\" type=\"email\" name=\"email\" \/><\/span><br \/>\n<span class=\"wpcf7-form-control-wrap\" data-name=\"telefono\"><input size=\"40\" class=\"wpcf7-form-control wpcf7-tel wpcf7-validates-as-required wpcf7-text wpcf7-validates-as-tel\" aria-required=\"true\" aria-invalid=\"false\" placeholder=\"Tel\u00e9fono\" value=\"\" type=\"tel\" name=\"telefono\" \/><\/span><br \/>\n<span class=\"wpcf7-form-control-wrap\" data-name=\"service\"><select class=\"wpcf7-form-control wpcf7-select wpcf7-validates-as-required select-borde\" aria-required=\"true\" aria-invalid=\"false\" name=\"service\"><option value=\"\">Elige un Servicio \u25bc<\/option><option value=\"Visitas Tur\u00edsticas\">Visitas Tur\u00edsticas<\/option><option value=\"Disposiciones\">Disposiciones<\/option><option value=\"Servicio Standar\">Servicio Standar<\/option><option value=\"Servicio Luxury\">Servicio Luxury<\/option><\/select><\/span><br \/>\n<span class=\"wpcf7-form-control-wrap\" data-name=\"your-message\"><textarea cols=\"40\" rows=\"10\" class=\"wpcf7-form-control wpcf7-textarea wpcf7-validates-as-required big-size\" aria-required=\"true\" aria-invalid=\"false\" placeholder=\"Mensaje\" name=\"your-message\"><\/textarea><\/span><br \/>\n<span class=\"wpcf7-form-control-wrap\" data-name=\"privacy\"><span class=\"wpcf7-form-control wpcf7-acceptance\"><span class=\"wpcf7-list-item\"><label><input type=\"checkbox\" name=\"privacy\" value=\"1\" aria-invalid=\"false\" \/><span class=\"wpcf7-list-item-label\">Conozco y acepto la <a class=\"form-for\" style=\"color:#202020;\" href=\"\/es\/politica-privacidad\/\">pol\u00edtica de privacidad<\/a><\/span><\/label><\/span><\/span><\/span><br \/>\n<input class=\"wpcf7-form-control wpcf7-submit has-spinner\" type=\"submit\" value=\"Enviar\" \/>\n<\/p><div class=\"wpcf7-response-output\" aria-hidden=\"true\"><\/div>\n<\/form>\n<\/div>\n<\/div>\t\t<\/div>\n\t\t\t\t<\/div>\n\t\t\t\t<div class=\"elementor-element elementor-element-4154a4e elementor-widget elementor-widget-text-editor\" data-id=\"4154a4e\" data-element_type=\"widget\" data-widget_type=\"text-editor.default\">\n\t\t\t\t<div class=\"elementor-widget-container\">\n\t\t\t\t\t\t\t\t<div class=\"elementor-text-editor elementor-clearfix\">\n\t\t\t\t<p><strong>Protecci\u00f3n de datos personales<\/strong><br \/>Utilizaremos sus datos para enviar presupuestos. Para m\u00e1s informaci\u00f3n sobre el tratamiento y sus derechos, consulte la <a href=\"\/es\/politica-privacidad\/\">pol\u00edtica de privacidad.<\/a><\/p>\t\t\t\t\t<\/div>\n\t\t\t\t\t\t<\/div>\n\t\t\t\t<\/div>\n\t\t\t\t\t\t<\/div>\n\t\t\t\t\t<\/div>\n\t\t<\/div>\n\t\t\t\t\t\t\t\t<\/div>\n\t\t\t\t\t<\/div>\n\t\t<\/section>\n\t\t\t\t\t\t\t\t\t<\/div>\n\t\t\t<\/div>\n\t\t\t\t\t<\/div>\n\t\t","protected":false},"excerpt":{"rendered":"<p>Presupuesto Elige un Servicio \u25bcVisitas Tur\u00edsticasDisposicionesServicio StandarServicio Luxury Conozco y acepto la pol\u00edtica de privacidad Protecci\u00f3n de datos personalesUtilizaremos sus datos para enviar presupuestos. Para m\u00e1s informaci\u00f3n sobre el tratamiento y sus derechos, consulte la pol\u00edtica de privacidad.<\/p>\n","protected":false},"author":4,"featured_media":0,"parent":0,"menu_order":0,"comment_status":"closed","ping_status":"closed","template":"","meta":{"site-sidebar-layout":"no-sidebar","site-content-layout":"page-builder","ast-site-content-layout":"","site-content-style":"default","site-sidebar-style":"default","ast-global-header-display":"","ast-banner-title-visibility":"","ast-main-header-display":"","ast-hfb-above-header-display":"","ast-hfb-below-header-display":"","ast-hfb-mobile-header-display":"","site-post-title":"disabled","ast-breadcrumbs-content":"","ast-featured-img":"disabled","footer-sml-layout":"","theme-transparent-header-meta":"default","adv-header-id-meta":"","stick-header-meta":"","header-above-stick-meta":"","header-main-stick-meta":"","header-below-stick-meta":"","astra-migrate-meta-layouts":"","ast-page-background-enabled":"default","ast-page-background-meta":{"desktop":{"background-color":"","background-image":"","background-repeat":"repeat","background-position":"center center","background-size":"auto","background-attachment":"scroll","background-type":"","background-media":"","overlay-type":"","overlay-color":"","overlay-gradient":""},"tablet":{"background-color":"","background-image":"","background-repeat":"repeat","background-position":"center center","background-size":"auto","background-attachment":"scroll","background-type":"","background-media":"","overlay-type":"","overlay-color":"","overlay-gradient":""},"mobile":{"background-color":"","background-image":"","background-repeat":"repeat","background-position":"center center","background-size":"auto","background-attachment":"scroll","background-type":"","background-media":"","overlay-type":"","overlay-color":"","overlay-gradient":""}},"ast-content-background-meta":{"desktop":{"background-color":"var(--ast-global-color-5)","background-image":"","background-repeat":"repeat","background-position":"center center","background-size":"auto","background-attachment":"scroll","background-type":"","background-media":"","overlay-type":"","overlay-color":"","overlay-gradient":""},"tablet":{"background-color":"var(--ast-global-color-5)","background-image":"","background-repeat":"repeat","background-position":"center center","background-size":"auto","background-attachment":"scroll","background-type":"","background-media":"","overlay-type":"","overlay-color":"","overlay-gradient":""},"mobile":{"background-color":"var(--ast-global-color-5)","background-image":"","background-repeat":"repeat","background-position":"center center","background-size":"auto","background-attachment":"scroll","background-type":"","background-media":"","overlay-type":"","overlay-color":"","overlay-gradient":""}},"_joinchat":[],"footnotes":""},"class_list":["post-2773","page","type-page","status-publish","hentry"],"yoast_head":"<!-- This site is optimized with the Yoast SEO plugin v25.7 - https:\/\/yoast.com\/wordpress\/plugins\/seo\/ -->\n<title>Presupuesto - Transfers Vip Malaga<\/title>\n<meta name=\"robots\" content=\"index, follow, max-snippet:-1, max-image-preview:large, max-video-preview:-1\" \/>\n<link rel=\"canonical\" href=\"https:\/\/transfersvipmalaga.com\/es\/presupuesto\/\" \/>\n<meta property=\"og:locale\" content=\"es_ES\" \/>\n<meta property=\"og:type\" content=\"article\" \/>\n<meta property=\"og:title\" content=\"Presupuesto - Transfers Vip Malaga\" \/>\n<meta property=\"og:description\" content=\"Presupuesto Elige un Servicio \u25bcVisitas Tur\u00edsticasDisposicionesServicio StandarServicio Luxury Conozco y acepto la pol\u00edtica de privacidad Protecci\u00f3n de datos personalesUtilizaremos sus datos para enviar presupuestos. Para m\u00e1s informaci\u00f3n sobre el tratamiento y sus derechos, consulte la pol\u00edtica de privacidad.\" \/>\n<meta property=\"og:url\" content=\"https:\/\/transfersvipmalaga.com\/es\/presupuesto\/\" \/>\n<meta property=\"og:site_name\" content=\"Transfers Vip Malaga\" \/>\n<meta property=\"article:publisher\" content=\"https:\/\/www.facebook.com\/luxurytravel.costadelsol\/\" \/>\n<meta property=\"article:modified_time\" content=\"2025-05-06T08:22:21+00:00\" \/>\n<meta name=\"twitter:card\" content=\"summary_large_image\" \/>\n<meta name=\"twitter:label1\" content=\"Tiempo de lectura\" \/>\n\t<meta name=\"twitter:data1\" content=\"1 minuto\" \/>\n<script type=\"application\/ld+json\" class=\"yoast-schema-graph\">{\"@context\":\"https:\/\/schema.org\",\"@graph\":[{\"@type\":\"WebPage\",\"@id\":\"https:\/\/transfersvipmalaga.com\/es\/presupuesto\/\",\"url\":\"https:\/\/transfersvipmalaga.com\/es\/presupuesto\/\",\"name\":\"Presupuesto - Transfers Vip Malaga\",\"isPartOf\":{\"@id\":\"https:\/\/transfersvipmalaga.com\/es\/#website\"},\"datePublished\":\"2021-03-18T12:33:34+00:00\",\"dateModified\":\"2025-05-06T08:22:21+00:00\",\"breadcrumb\":{\"@id\":\"https:\/\/transfersvipmalaga.com\/es\/presupuesto\/#breadcrumb\"},\"inLanguage\":\"es\",\"potentialAction\":[{\"@type\":\"ReadAction\",\"target\":[\"https:\/\/transfersvipmalaga.com\/es\/presupuesto\/\"]}]},{\"@type\":\"BreadcrumbList\",\"@id\":\"https:\/\/transfersvipmalaga.com\/es\/presupuesto\/#breadcrumb\",\"itemListElement\":[{\"@type\":\"ListItem\",\"position\":1,\"name\":\"Portada\",\"item\":\"https:\/\/transfersvipmalaga.com\/es\/\"},{\"@type\":\"ListItem\",\"position\":2,\"name\":\"Presupuesto\"}]},{\"@type\":\"WebSite\",\"@id\":\"https:\/\/transfersvipmalaga.com\/es\/#website\",\"url\":\"https:\/\/transfersvipmalaga.com\/es\/\",\"name\":\"Transfers Vip Malaga\",\"description\":\"\",\"publisher\":{\"@id\":\"https:\/\/transfersvipmalaga.com\/es\/#organization\"},\"potentialAction\":[{\"@type\":\"SearchAction\",\"target\":{\"@type\":\"EntryPoint\",\"urlTemplate\":\"https:\/\/transfersvipmalaga.com\/es\/?s={search_term_string}\"},\"query-input\":{\"@type\":\"PropertyValueSpecification\",\"valueRequired\":true,\"valueName\":\"search_term_string\"}}],\"inLanguage\":\"es\"},{\"@type\":\"Organization\",\"@id\":\"https:\/\/transfersvipmalaga.com\/es\/#organization\",\"name\":\"Transfers Vip Malaga\",\"url\":\"https:\/\/transfersvipmalaga.com\/es\/\",\"logo\":{\"@type\":\"ImageObject\",\"inLanguage\":\"es\",\"@id\":\"https:\/\/transfersvipmalaga.com\/es\/#\/schema\/logo\/image\/\",\"url\":\"https:\/\/transfersvipmalaga.com\/wp-content\/uploads\/2021\/03\/cropped-Luxury-Travel-Costa-del-Sol-Logotipo.png\",\"contentUrl\":\"https:\/\/transfersvipmalaga.com\/wp-content\/uploads\/2021\/03\/cropped-Luxury-Travel-Costa-del-Sol-Logotipo.png\",\"width\":192,\"height\":82,\"caption\":\"Transfers Vip Malaga\"},\"image\":{\"@id\":\"https:\/\/transfersvipmalaga.com\/es\/#\/schema\/logo\/image\/\"},\"sameAs\":[\"https:\/\/www.facebook.com\/luxurytravel.costadelsol\/\",\"https:\/\/www.instagram.com\/luxurytravelcostadelsol\/\"]}]}<\/script>\n<!-- \/ Yoast SEO plugin. -->","yoast_head_json":{"title":"Presupuesto - Transfers Vip Malaga","robots":{"index":"index","follow":"follow","max-snippet":"max-snippet:-1","max-image-preview":"max-image-preview:large","max-video-preview":"max-video-preview:-1"},"canonical":"https:\/\/transfersvipmalaga.com\/es\/presupuesto\/","og_locale":"es_ES","og_type":"article","og_title":"Presupuesto - Transfers Vip Malaga","og_description":"Presupuesto Elige un Servicio \u25bcVisitas Tur\u00edsticasDisposicionesServicio StandarServicio Luxury Conozco y acepto la pol\u00edtica de privacidad Protecci\u00f3n de datos personalesUtilizaremos sus datos para enviar presupuestos. Para m\u00e1s informaci\u00f3n sobre el tratamiento y sus derechos, consulte la pol\u00edtica de privacidad.","og_url":"https:\/\/transfersvipmalaga.com\/es\/presupuesto\/","og_site_name":"Transfers Vip Malaga","article_publisher":"https:\/\/www.facebook.com\/luxurytravel.costadelsol\/","article_modified_time":"2025-05-06T08:22:21+00:00","twitter_card":"summary_large_image","twitter_misc":{"Tiempo de lectura":"1 minuto"},"schema":{"@context":"https:\/\/schema.org","@graph":[{"@type":"WebPage","@id":"https:\/\/transfersvipmalaga.com\/es\/presupuesto\/","url":"https:\/\/transfersvipmalaga.com\/es\/presupuesto\/","name":"Presupuesto - Transfers Vip Malaga","isPartOf":{"@id":"https:\/\/transfersvipmalaga.com\/es\/#website"},"datePublished":"2021-03-18T12:33:34+00:00","dateModified":"2025-05-06T08:22:21+00:00","breadcrumb":{"@id":"https:\/\/transfersvipmalaga.com\/es\/presupuesto\/#breadcrumb"},"inLanguage":"es","potentialAction":[{"@type":"ReadAction","target":["https:\/\/transfersvipmalaga.com\/es\/presupuesto\/"]}]},{"@type":"BreadcrumbList","@id":"https:\/\/transfersvipmalaga.com\/es\/presupuesto\/#breadcrumb","itemListElement":[{"@type":"ListItem","position":1,"name":"Portada","item":"https:\/\/transfersvipmalaga.com\/es\/"},{"@type":"ListItem","position":2,"name":"Presupuesto"}]},{"@type":"WebSite","@id":"https:\/\/transfersvipmalaga.com\/es\/#website","url":"https:\/\/transfersvipmalaga.com\/es\/","name":"Transfers Vip Malaga","description":"","publisher":{"@id":"https:\/\/transfersvipmalaga.com\/es\/#organization"},"potentialAction":[{"@type":"SearchAction","target":{"@type":"EntryPoint","urlTemplate":"https:\/\/transfersvipmalaga.com\/es\/?s={search_term_string}"},"query-input":{"@type":"PropertyValueSpecification","valueRequired":true,"valueName":"search_term_string"}}],"inLanguage":"es"},{"@type":"Organization","@id":"https:\/\/transfersvipmalaga.com\/es\/#organization","name":"Transfers Vip Malaga","url":"https:\/\/transfersvipmalaga.com\/es\/","logo":{"@type":"ImageObject","inLanguage":"es","@id":"https:\/\/transfersvipmalaga.com\/es\/#\/schema\/logo\/image\/","url":"https:\/\/transfersvipmalaga.com\/wp-content\/uploads\/2021\/03\/cropped-Luxury-Travel-Costa-del-Sol-Logotipo.png","contentUrl":"https:\/\/transfersvipmalaga.com\/wp-content\/uploads\/2021\/03\/cropped-Luxury-Travel-Costa-del-Sol-Logotipo.png","width":192,"height":82,"caption":"Transfers Vip Malaga"},"image":{"@id":"https:\/\/transfersvipmalaga.com\/es\/#\/schema\/logo\/image\/"},"sameAs":["https:\/\/www.facebook.com\/luxurytravel.costadelsol\/","https:\/\/www.instagram.com\/luxurytravelcostadelsol\/"]}]}},"_links":{"self":[{"href":"https:\/\/transfersvipmalaga.com\/es\/wp-json\/wp\/v2\/pages\/2773","targetHints":{"allow":["GET"]}}],"collection":[{"href":"https:\/\/transfersvipmalaga.com\/es\/wp-json\/wp\/v2\/pages"}],"about":[{"href":"https:\/\/transfersvipmalaga.com\/es\/wp-json\/wp\/v2\/types\/page"}],"author":[{"embeddable":true,"href":"https:\/\/transfersvipmalaga.com\/es\/wp-json\/wp\/v2\/users\/4"}],"replies":[{"embeddable":true,"href":"https:\/\/transfersvipmalaga.com\/es\/wp-json\/wp\/v2\/comments?post=2773"}],"version-history":[{"count":20,"href":"https:\/\/transfersvipmalaga.com\/es\/wp-json\/wp\/v2\/pages\/2773\/revisions"}],"predecessor-version":[{"id":9764,"href":"https:\/\/transfersvipmalaga.com\/es\/wp-json\/wp\/v2\/pages\/2773\/revisions\/9764"}],"wp:attachment":[{"href":"https:\/\/transfersvipmalaga.com\/es\/wp-json\/wp\/v2\/media?parent=2773"}],"curies":[{"name":"wp","href":"https:\/\/api.w.org\/{rel}","templated":true}]}}